{"id":11,"date":"2020-11-19T11:03:29","date_gmt":"2020-11-19T10:03:29","guid":{"rendered":"https:\/\/namurinc.be\/boutique\/produit\/import-placeholder-for-6286\/"},"modified":"2020-11-27T12:31:20","modified_gmt":"2020-11-27T11:31:20","slug":"namur-vous-est-contee-tome-2","status":"publish","type":"product","link":"https:\/\/namurinc.be\/boutique\/produit\/namur-vous-est-contee-tome-2\/","title":{"rendered":"Namur vous est cont\u00e9e \u2013 Tome 2"},"content":{"rendered":"","protected":false},"excerpt":{"rendered":"<p>Ce 2e tome compte vingt chroniques, richement illustr\u00e9es. Les th\u00e8mes et les \u00e9poques sont aussi nombreux que vari\u00e9s. Vous apprendrez comment est mort le Roi Albert 1er \u00e0 Namur, la naissance tourment\u00e9e du Vers l\u2019Avenir, l\u2019origine coquine et historique de l\u2019\u00eele Vas-t\u2019y-Frotte, la mani\u00e8re dont les Namurois ont v\u00e9cu la R\u00e9volution Fran\u00e7aise, l\u2019histoire pluris\u00e9culaire des \u00c9chasseurs ou pourquoi W\u00e9pion est devenu le lieu o\u00f9 l\u2019on trouve les meilleures fraises. Et bien plus encore\u2026<\/p>\n<p>Namur est un livre \u00e0 ciel ouvert. Chaque rue, chaque \u00e9glise, chaque \u00e9difice est une page de ce livre. Mais il n\u2019est pas toujours facile de les assembler pour en comprendre l\u2019histoire.<\/p>\n<p>Dans ses chroniques pour RCF Radio, Richard Dessart nous emm\u00e8ne en balade pour d\u00e9couvrir, de mani\u00e8re vulgaris\u00e9e, l\u2019histoire de Namur en partant de ces lieux que nous c\u00f4toyons chaque jour.<\/p>\n","protected":false},"featured_media":63,"comment_status":"open","ping_status":"closed","template":"","meta":{"_mi_skip_tracking":false,"_exactmetrics_sitenote_active":false,"_exactmetrics_sitenote_note":"","_exactmetrics_sitenote_category":0},"product_cat":[16],"product_tag":[],"acf":[],"yoast_head":"<!-- This site is optimized with the Yoast SEO plugin v20.9 - https:\/\/yoast.com\/wordpress\/plugins\/seo\/ -->\n<title>Namur vous est cont\u00e9e \u2013 Tome 2 - Namur INC - Boutique en ligne<\/title>\n<meta name=\"robots\" content=\"index, follow, max-snippet:-1, max-image-preview:large, max-video-preview:-1\" \/>\n<link rel=\"canonical\" href=\"https:\/\/namurinc.be\/boutique\/produit\/namur-vous-est-contee-tome-2\/\" \/>\n<meta property=\"og:locale\" content=\"fr_FR\" \/>\n<meta property=\"og:type\" content=\"article\" \/>\n<meta property=\"og:title\" content=\"Namur vous est cont\u00e9e \u2013 Tome 2 - Namur INC - Boutique en ligne\" \/>\n<meta property=\"og:description\" content=\"Ce 2e tome compte vingt chroniques, richement illustr\u00e9es. Les th\u00e8mes et les \u00e9poques sont aussi nombreux que vari\u00e9s. Vous apprendrez comment est mort le Roi Albert 1er \u00e0 Namur, la naissance tourment\u00e9e du Vers l\u2019Avenir, l\u2019origine coquine et historique de l\u2019\u00eele Vas-t\u2019y-Frotte, la mani\u00e8re dont les Namurois ont v\u00e9cu la R\u00e9volution Fran\u00e7aise, l\u2019histoire pluris\u00e9culaire des \u00c9chasseurs ou pourquoi W\u00e9pion est devenu le lieu o\u00f9 l\u2019on trouve les meilleures fraises. Et bien plus encore\u2026  Namur est un livre \u00e0 ciel ouvert. Chaque rue, chaque \u00e9glise, chaque \u00e9difice est une page de ce livre. Mais il n\u2019est pas toujours facile de les assembler pour en comprendre l\u2019histoire.  Dans ses chroniques pour RCF Radio, Richard Dessart nous emm\u00e8ne en balade pour d\u00e9couvrir, de mani\u00e8re vulgaris\u00e9e, l\u2019histoire de Namur en partant de ces lieux que nous c\u00f4toyons chaque jour.\" \/>\n<meta property=\"og:url\" content=\"https:\/\/namurinc.be\/boutique\/produit\/namur-vous-est-contee-tome-2\/\" \/>\n<meta property=\"og:site_name\" content=\"Namur INC - Boutique en ligne\" \/>\n<meta property=\"article:modified_time\" content=\"2020-11-27T11:31:20+00:00\" \/>\n<meta property=\"og:image\" content=\"https:\/\/namurinc.be\/boutique\/wp-content\/uploads\/sites\/4\/2020\/11\/namur-vous-est-contee-tome-2-livre.jpg\" \/>\n\t<meta property=\"og:image:width\" content=\"1000\" \/>\n\t<meta property=\"og:image:height\" content=\"1000\" \/>\n\t<meta property=\"og:image:type\" content=\"image\/jpeg\" \/>\n<meta name=\"twitter:card\" content=\"summary_large_image\" \/>\n<script type=\"application\/ld+json\" class=\"yoast-schema-graph\">{\"@context\":\"https:\/\/schema.org\",\"@graph\":[{\"@type\":\"WebPage\",\"@id\":\"https:\/\/namurinc.be\/boutique\/produit\/namur-vous-est-contee-tome-2\/\",\"url\":\"https:\/\/namurinc.be\/boutique\/produit\/namur-vous-est-contee-tome-2\/\",\"name\":\"Namur vous est cont\u00e9e \u2013 Tome 2 - Namur INC - Boutique en ligne\",\"isPartOf\":{\"@id\":\"https:\/\/namurinc.be\/boutique\/#website\"},\"datePublished\":\"2020-11-19T10:03:29+00:00\",\"dateModified\":\"2020-11-27T11:31:20+00:00\",\"breadcrumb\":{\"@id\":\"https:\/\/namurinc.be\/boutique\/produit\/namur-vous-est-contee-tome-2\/#breadcrumb\"},\"inLanguage\":\"fr-BE\",\"potentialAction\":[{\"@type\":\"ReadAction\",\"target\":[\"https:\/\/namurinc.be\/boutique\/produit\/namur-vous-est-contee-tome-2\/\"]}]},{\"@type\":\"BreadcrumbList\",\"@id\":\"https:\/\/namurinc.be\/boutique\/produit\/namur-vous-est-contee-tome-2\/#breadcrumb\",\"itemListElement\":[{\"@type\":\"ListItem\",\"position\":1,\"name\":\"Accueil\",\"item\":\"https:\/\/namurinc.be\/boutique\/\"},{\"@type\":\"ListItem\",\"position\":2,\"name\":\"Boutique\",\"item\":\"https:\/\/namurinc.be\/boutique\/\"},{\"@type\":\"ListItem\",\"position\":3,\"name\":\"Namur vous est cont\u00e9e \u2013 Tome 2\"}]},{\"@type\":\"WebSite\",\"@id\":\"https:\/\/namurinc.be\/boutique\/#website\",\"url\":\"https:\/\/namurinc.be\/boutique\/\",\"name\":\"Namur INC - Boutique en ligne\",\"description\":\"Retrouvez nos bouquins en vente dans notre boutique en ligne\",\"potentialAction\":[{\"@type\":\"SearchAction\",\"target\":{\"@type\":\"EntryPoint\",\"urlTemplate\":\"https:\/\/namurinc.be\/boutique\/?s={search_term_string}\"},\"query-input\":\"required name=search_term_string\"}],\"inLanguage\":\"fr-BE\"}]}<\/script>\n<!-- \/ Yoast SEO plugin. -->","yoast_head_json":{"title":"Namur vous est cont\u00e9e \u2013 Tome 2 - Namur INC - Boutique en ligne","robots":{"index":"index","follow":"follow","max-snippet":"max-snippet:-1","max-image-preview":"max-image-preview:large","max-video-preview":"max-video-preview:-1"},"canonical":"https:\/\/namurinc.be\/boutique\/produit\/namur-vous-est-contee-tome-2\/","og_locale":"fr_FR","og_type":"article","og_title":"Namur vous est cont\u00e9e \u2013 Tome 2 - Namur INC - Boutique en ligne","og_description":"Ce 2e tome compte vingt chroniques, richement illustr\u00e9es. Les th\u00e8mes et les \u00e9poques sont aussi nombreux que vari\u00e9s. Vous apprendrez comment est mort le Roi Albert 1er \u00e0 Namur, la naissance tourment\u00e9e du Vers l\u2019Avenir, l\u2019origine coquine et historique de l\u2019\u00eele Vas-t\u2019y-Frotte, la mani\u00e8re dont les Namurois ont v\u00e9cu la R\u00e9volution Fran\u00e7aise, l\u2019histoire pluris\u00e9culaire des \u00c9chasseurs ou pourquoi W\u00e9pion est devenu le lieu o\u00f9 l\u2019on trouve les meilleures fraises. Et bien plus encore\u2026  Namur est un livre \u00e0 ciel ouvert. Chaque rue, chaque \u00e9glise, chaque \u00e9difice est une page de ce livre. Mais il n\u2019est pas toujours facile de les assembler pour en comprendre l\u2019histoire.  Dans ses chroniques pour RCF Radio, Richard Dessart nous emm\u00e8ne en balade pour d\u00e9couvrir, de mani\u00e8re vulgaris\u00e9e, l\u2019histoire de Namur en partant de ces lieux que nous c\u00f4toyons chaque jour.","og_url":"https:\/\/namurinc.be\/boutique\/produit\/namur-vous-est-contee-tome-2\/","og_site_name":"Namur INC - Boutique en ligne","article_modified_time":"2020-11-27T11:31:20+00:00","og_image":[{"width":1000,"height":1000,"url":"https:\/\/namurinc.be\/boutique\/wp-content\/uploads\/sites\/4\/2020\/11\/namur-vous-est-contee-tome-2-livre.jpg","type":"image\/jpeg"}],"twitter_card":"summary_large_image","schema":{"@context":"https:\/\/schema.org","@graph":[{"@type":"WebPage","@id":"https:\/\/namurinc.be\/boutique\/produit\/namur-vous-est-contee-tome-2\/","url":"https:\/\/namurinc.be\/boutique\/produit\/namur-vous-est-contee-tome-2\/","name":"Namur vous est cont\u00e9e \u2013 Tome 2 - Namur INC - Boutique en ligne","isPartOf":{"@id":"https:\/\/namurinc.be\/boutique\/#website"},"datePublished":"2020-11-19T10:03:29+00:00","dateModified":"2020-11-27T11:31:20+00:00","breadcrumb":{"@id":"https:\/\/namurinc.be\/boutique\/produit\/namur-vous-est-contee-tome-2\/#breadcrumb"},"inLanguage":"fr-BE","potentialAction":[{"@type":"ReadAction","target":["https:\/\/namurinc.be\/boutique\/produit\/namur-vous-est-contee-tome-2\/"]}]},{"@type":"BreadcrumbList","@id":"https:\/\/namurinc.be\/boutique\/produit\/namur-vous-est-contee-tome-2\/#breadcrumb","itemListElement":[{"@type":"ListItem","position":1,"name":"Accueil","item":"https:\/\/namurinc.be\/boutique\/"},{"@type":"ListItem","position":2,"name":"Boutique","item":"https:\/\/namurinc.be\/boutique\/"},{"@type":"ListItem","position":3,"name":"Namur vous est cont\u00e9e \u2013 Tome 2"}]},{"@type":"WebSite","@id":"https:\/\/namurinc.be\/boutique\/#website","url":"https:\/\/namurinc.be\/boutique\/","name":"Namur INC - Boutique en ligne","description":"Retrouvez nos bouquins en vente dans notre boutique en ligne","potentialAction":[{"@type":"SearchAction","target":{"@type":"EntryPoint","urlTemplate":"https:\/\/namurinc.be\/boutique\/?s={search_term_string}"},"query-input":"required name=search_term_string"}],"inLanguage":"fr-BE"}]}},"_links":{"self":[{"href":"https:\/\/namurinc.be\/boutique\/wp-json\/wp\/v2\/product\/11"}],"collection":[{"href":"https:\/\/namurinc.be\/boutique\/wp-json\/wp\/v2\/product"}],"about":[{"href":"https:\/\/namurinc.be\/boutique\/wp-json\/wp\/v2\/types\/product"}],"replies":[{"embeddable":true,"href":"https:\/\/namurinc.be\/boutique\/wp-json\/wp\/v2\/comments?post=11"}],"wp:featuredmedia":[{"embeddable":true,"href":"https:\/\/namurinc.be\/boutique\/wp-json\/wp\/v2\/media\/63"}],"wp:attachment":[{"href":"https:\/\/namurinc.be\/boutique\/wp-json\/wp\/v2\/media?parent=11"}],"wp:term":[{"taxonomy":"product_cat","embeddable":true,"href":"https:\/\/namurinc.be\/boutique\/wp-json\/wp\/v2\/product_cat?post=11"},{"taxonomy":"product_tag","embeddable":true,"href":"https:\/\/namurinc.be\/boutique\/wp-json\/wp\/v2\/product_tag?post=11"}],"curies":[{"name":"wp","href":"https:\/\/api.w.org\/{rel}","templated":true}]}}