{"id":12,"date":"2020-11-19T11:03:29","date_gmt":"2020-11-19T10:03:29","guid":{"rendered":"https:\/\/namurinc.be\/boutique\/produit\/import-placeholder-for-6292\/"},"modified":"2020-11-27T12:32:41","modified_gmt":"2020-11-27T11:32:41","slug":"namur-vous-est-contee-tome-1","status":"publish","type":"product","link":"https:\/\/namurinc.be\/boutique\/produit\/namur-vous-est-contee-tome-1\/","title":{"rendered":"Namur vous est cont\u00e9e \u2013 Tome 1"},"content":{"rendered":"","protected":false},"excerpt":{"rendered":"<p>Namur est un livre \u00e0 ciel ouvert. Chaque rue, chaque \u00e9glise, chaque \u00e9difice est une page de ce livre. Mais il n\u2019est pas toujours facile de les assembler pour en comprendre l\u2019histoire.<\/p>\n<p>Dans ses chroniques pour RCF Radio, Richard Dessart nous emm\u00e8ne en balade pour d\u00e9couvrir l\u2019histoire de Namur en partant de ces lieux que nous c\u00f4toyons chaque jour.<\/p>\n<p>Ce 1er tome compte ses vingt premi\u00e8res chroniques, richement illustr\u00e9es. Entre autre, vous d\u00e9couvrirez pourquoi certaines rues sont plus commer\u00e7antes que d\u2019autres, l\u2019impact des enceintes m\u00e9di\u00e9vales sur les rues d\u2019aujourd\u2019hui ou encore l\u2019histoire du Grognon, du Square L\u00e9opold ou du Cin\u00e9ma Eldorado.<\/p>\n","protected":false},"featured_media":64,"comment_status":"open","ping_status":"closed","template":"","meta":{"_mi_skip_tracking":false,"_exactmetrics_sitenote_active":false,"_exactmetrics_sitenote_note":"","_exactmetrics_sitenote_category":0},"product_cat":[16],"product_tag":[],"acf":[],"yoast_head":"<!-- This site is optimized with the Yoast SEO plugin v20.9 - https:\/\/yoast.com\/wordpress\/plugins\/seo\/ -->\n<title>Namur vous est cont\u00e9e \u2013 Tome 1 - Namur INC - Boutique en ligne<\/title>\n<meta name=\"robots\" content=\"index, follow, max-snippet:-1, max-image-preview:large, max-video-preview:-1\" \/>\n<link rel=\"canonical\" href=\"https:\/\/namurinc.be\/boutique\/produit\/namur-vous-est-contee-tome-1\/\" \/>\n<meta property=\"og:locale\" content=\"fr_FR\" \/>\n<meta property=\"og:type\" content=\"article\" \/>\n<meta property=\"og:title\" content=\"Namur vous est cont\u00e9e \u2013 Tome 1 - Namur INC - Boutique en ligne\" \/>\n<meta property=\"og:description\" content=\"Namur est un livre \u00e0 ciel ouvert. Chaque rue, chaque \u00e9glise, chaque \u00e9difice est une page de ce livre. Mais il n\u2019est pas toujours facile de les assembler pour en comprendre l\u2019histoire.  Dans ses chroniques pour RCF Radio, Richard Dessart nous emm\u00e8ne en balade pour d\u00e9couvrir l\u2019histoire de Namur en partant de ces lieux que nous c\u00f4toyons chaque jour.  Ce 1er tome compte ses vingt premi\u00e8res chroniques, richement illustr\u00e9es. Entre autre, vous d\u00e9couvrirez pourquoi certaines rues sont plus commer\u00e7antes que d\u2019autres, l\u2019impact des enceintes m\u00e9di\u00e9vales sur les rues d\u2019aujourd\u2019hui ou encore l\u2019histoire du Grognon, du Square L\u00e9opold ou du Cin\u00e9ma Eldorado.\" \/>\n<meta property=\"og:url\" content=\"https:\/\/namurinc.be\/boutique\/produit\/namur-vous-est-contee-tome-1\/\" \/>\n<meta property=\"og:site_name\" content=\"Namur INC - Boutique en ligne\" \/>\n<meta property=\"article:modified_time\" content=\"2020-11-27T11:32:41+00:00\" \/>\n<meta property=\"og:image\" content=\"https:\/\/namurinc.be\/boutique\/wp-content\/uploads\/sites\/4\/2020\/11\/namur-vous-est-contee-tome-1-livre.jpg\" \/>\n\t<meta property=\"og:image:width\" content=\"1000\" \/>\n\t<meta property=\"og:image:height\" content=\"1000\" \/>\n\t<meta property=\"og:image:type\" content=\"image\/jpeg\" \/>\n<meta name=\"twitter:card\" content=\"summary_large_image\" \/>\n<script type=\"application\/ld+json\" class=\"yoast-schema-graph\">{\"@context\":\"https:\/\/schema.org\",\"@graph\":[{\"@type\":\"WebPage\",\"@id\":\"https:\/\/namurinc.be\/boutique\/produit\/namur-vous-est-contee-tome-1\/\",\"url\":\"https:\/\/namurinc.be\/boutique\/produit\/namur-vous-est-contee-tome-1\/\",\"name\":\"Namur vous est cont\u00e9e \u2013 Tome 1 - Namur INC - Boutique en ligne\",\"isPartOf\":{\"@id\":\"https:\/\/namurinc.be\/boutique\/#website\"},\"datePublished\":\"2020-11-19T10:03:29+00:00\",\"dateModified\":\"2020-11-27T11:32:41+00:00\",\"breadcrumb\":{\"@id\":\"https:\/\/namurinc.be\/boutique\/produit\/namur-vous-est-contee-tome-1\/#breadcrumb\"},\"inLanguage\":\"fr-BE\",\"potentialAction\":[{\"@type\":\"ReadAction\",\"target\":[\"https:\/\/namurinc.be\/boutique\/produit\/namur-vous-est-contee-tome-1\/\"]}]},{\"@type\":\"BreadcrumbList\",\"@id\":\"https:\/\/namurinc.be\/boutique\/produit\/namur-vous-est-contee-tome-1\/#breadcrumb\",\"itemListElement\":[{\"@type\":\"ListItem\",\"position\":1,\"name\":\"Accueil\",\"item\":\"https:\/\/namurinc.be\/boutique\/\"},{\"@type\":\"ListItem\",\"position\":2,\"name\":\"Boutique\",\"item\":\"https:\/\/namurinc.be\/boutique\/\"},{\"@type\":\"ListItem\",\"position\":3,\"name\":\"Namur vous est cont\u00e9e \u2013 Tome 1\"}]},{\"@type\":\"WebSite\",\"@id\":\"https:\/\/namurinc.be\/boutique\/#website\",\"url\":\"https:\/\/namurinc.be\/boutique\/\",\"name\":\"Namur INC - Boutique en ligne\",\"description\":\"Retrouvez nos bouquins en vente dans notre boutique en ligne\",\"potentialAction\":[{\"@type\":\"SearchAction\",\"target\":{\"@type\":\"EntryPoint\",\"urlTemplate\":\"https:\/\/namurinc.be\/boutique\/?s={search_term_string}\"},\"query-input\":\"required name=search_term_string\"}],\"inLanguage\":\"fr-BE\"}]}<\/script>\n<!-- \/ Yoast SEO plugin. -->","yoast_head_json":{"title":"Namur vous est cont\u00e9e \u2013 Tome 1 - Namur INC - Boutique en ligne","robots":{"index":"index","follow":"follow","max-snippet":"max-snippet:-1","max-image-preview":"max-image-preview:large","max-video-preview":"max-video-preview:-1"},"canonical":"https:\/\/namurinc.be\/boutique\/produit\/namur-vous-est-contee-tome-1\/","og_locale":"fr_FR","og_type":"article","og_title":"Namur vous est cont\u00e9e \u2013 Tome 1 - Namur INC - Boutique en ligne","og_description":"Namur est un livre \u00e0 ciel ouvert. Chaque rue, chaque \u00e9glise, chaque \u00e9difice est une page de ce livre. Mais il n\u2019est pas toujours facile de les assembler pour en comprendre l\u2019histoire.  Dans ses chroniques pour RCF Radio, Richard Dessart nous emm\u00e8ne en balade pour d\u00e9couvrir l\u2019histoire de Namur en partant de ces lieux que nous c\u00f4toyons chaque jour.  Ce 1er tome compte ses vingt premi\u00e8res chroniques, richement illustr\u00e9es. Entre autre, vous d\u00e9couvrirez pourquoi certaines rues sont plus commer\u00e7antes que d\u2019autres, l\u2019impact des enceintes m\u00e9di\u00e9vales sur les rues d\u2019aujourd\u2019hui ou encore l\u2019histoire du Grognon, du Square L\u00e9opold ou du Cin\u00e9ma Eldorado.","og_url":"https:\/\/namurinc.be\/boutique\/produit\/namur-vous-est-contee-tome-1\/","og_site_name":"Namur INC - Boutique en ligne","article_modified_time":"2020-11-27T11:32:41+00:00","og_image":[{"width":1000,"height":1000,"url":"https:\/\/namurinc.be\/boutique\/wp-content\/uploads\/sites\/4\/2020\/11\/namur-vous-est-contee-tome-1-livre.jpg","type":"image\/jpeg"}],"twitter_card":"summary_large_image","schema":{"@context":"https:\/\/schema.org","@graph":[{"@type":"WebPage","@id":"https:\/\/namurinc.be\/boutique\/produit\/namur-vous-est-contee-tome-1\/","url":"https:\/\/namurinc.be\/boutique\/produit\/namur-vous-est-contee-tome-1\/","name":"Namur vous est cont\u00e9e \u2013 Tome 1 - Namur INC - Boutique en ligne","isPartOf":{"@id":"https:\/\/namurinc.be\/boutique\/#website"},"datePublished":"2020-11-19T10:03:29+00:00","dateModified":"2020-11-27T11:32:41+00:00","breadcrumb":{"@id":"https:\/\/namurinc.be\/boutique\/produit\/namur-vous-est-contee-tome-1\/#breadcrumb"},"inLanguage":"fr-BE","potentialAction":[{"@type":"ReadAction","target":["https:\/\/namurinc.be\/boutique\/produit\/namur-vous-est-contee-tome-1\/"]}]},{"@type":"BreadcrumbList","@id":"https:\/\/namurinc.be\/boutique\/produit\/namur-vous-est-contee-tome-1\/#breadcrumb","itemListElement":[{"@type":"ListItem","position":1,"name":"Accueil","item":"https:\/\/namurinc.be\/boutique\/"},{"@type":"ListItem","position":2,"name":"Boutique","item":"https:\/\/namurinc.be\/boutique\/"},{"@type":"ListItem","position":3,"name":"Namur vous est cont\u00e9e \u2013 Tome 1"}]},{"@type":"WebSite","@id":"https:\/\/namurinc.be\/boutique\/#website","url":"https:\/\/namurinc.be\/boutique\/","name":"Namur INC - Boutique en ligne","description":"Retrouvez nos bouquins en vente dans notre boutique en ligne","potentialAction":[{"@type":"SearchAction","target":{"@type":"EntryPoint","urlTemplate":"https:\/\/namurinc.be\/boutique\/?s={search_term_string}"},"query-input":"required name=search_term_string"}],"inLanguage":"fr-BE"}]}},"_links":{"self":[{"href":"https:\/\/namurinc.be\/boutique\/wp-json\/wp\/v2\/product\/12"}],"collection":[{"href":"https:\/\/namurinc.be\/boutique\/wp-json\/wp\/v2\/product"}],"about":[{"href":"https:\/\/namurinc.be\/boutique\/wp-json\/wp\/v2\/types\/product"}],"replies":[{"embeddable":true,"href":"https:\/\/namurinc.be\/boutique\/wp-json\/wp\/v2\/comments?post=12"}],"wp:featuredmedia":[{"embeddable":true,"href":"https:\/\/namurinc.be\/boutique\/wp-json\/wp\/v2\/media\/64"}],"wp:attachment":[{"href":"https:\/\/namurinc.be\/boutique\/wp-json\/wp\/v2\/media?parent=12"}],"wp:term":[{"taxonomy":"product_cat","embeddable":true,"href":"https:\/\/namurinc.be\/boutique\/wp-json\/wp\/v2\/product_cat?post=12"},{"taxonomy":"product_tag","embeddable":true,"href":"https:\/\/namurinc.be\/boutique\/wp-json\/wp\/v2\/product_tag?post=12"}],"curies":[{"name":"wp","href":"https:\/\/api.w.org\/{rel}","templated":true}]}}