{"id":13,"date":"2020-11-19T11:03:29","date_gmt":"2020-11-19T10:03:29","guid":{"rendered":"https:\/\/namurinc.be\/boutique\/produit\/import-placeholder-for-6294\/"},"modified":"2020-11-27T12:33:16","modified_gmt":"2020-11-27T11:33:16","slug":"namur-le-18-aout-1944","status":"publish","type":"product","link":"https:\/\/namurinc.be\/boutique\/produit\/namur-le-18-aout-1944\/","title":{"rendered":"Namur, le 18 ao\u00fbt 1944"},"content":{"rendered":"","protected":false},"excerpt":{"rendered":"<p>Vendredi 18 ao\u00fbt 1944, 18h06, pendant 21 minutes, les alli\u00e9s am\u00e9ricains bombardent par erreur Namur, faisant au moins 330 morts, au moins 600 bless\u00e9s graves et ayant sinistr\u00e9 pr\u00e8s de 2000 b\u00e2timents.<\/p>\n<p>Comment s\u2019imaginer ce que fut cette journ\u00e9e et comment elle a \u00e9t\u00e9 v\u00e9cue? La grande histoire est connue et \u00e9crite, mais que restera-t-il des petites histoires, racont\u00e9es aux d\u00eeners de famille ou par les grands-parents \u00e0 leurs petits-enfants? Sont recueillies dans cet ouvrage plus d\u2019une vingtaine de petites histoires in\u00e9dites. Celles de la vie de tous les jours, souvent tragiques, parfois dr\u00f4les, mais toujours touchantes.<\/p>\n<p>Ce recueil est \u00e9galement le plus important quant au nombre de photographies sur cet \u00e9v\u00e8nement tragique. Il compte en outre une quinzaine de documents d\u2019archives.<\/p>\n<p>Un voyage dans le pass\u00e9 pour ne pas oublier\u2026<\/p>\n","protected":false},"featured_media":59,"comment_status":"open","ping_status":"closed","template":"","meta":{"_mi_skip_tracking":false,"_exactmetrics_sitenote_active":false,"_exactmetrics_sitenote_note":"","_exactmetrics_sitenote_category":0},"product_cat":[16],"product_tag":[],"acf":[],"yoast_head":"<!-- This site is optimized with the Yoast SEO plugin v20.9 - https:\/\/yoast.com\/wordpress\/plugins\/seo\/ -->\n<title>Namur, le 18 ao\u00fbt 1944 - Namur INC - Boutique en ligne<\/title>\n<meta name=\"robots\" content=\"index, follow, max-snippet:-1, max-image-preview:large, max-video-preview:-1\" \/>\n<link rel=\"canonical\" href=\"https:\/\/namurinc.be\/boutique\/produit\/namur-le-18-aout-1944\/\" \/>\n<meta property=\"og:locale\" content=\"fr_FR\" \/>\n<meta property=\"og:type\" content=\"article\" \/>\n<meta property=\"og:title\" content=\"Namur, le 18 ao\u00fbt 1944 - Namur INC - Boutique en ligne\" \/>\n<meta property=\"og:description\" content=\"Vendredi 18 ao\u00fbt 1944, 18h06, pendant 21 minutes, les alli\u00e9s am\u00e9ricains bombardent par erreur Namur, faisant au moins 330 morts, au moins 600 bless\u00e9s graves et ayant sinistr\u00e9 pr\u00e8s de 2000 b\u00e2timents.  Comment s\u2019imaginer ce que fut cette journ\u00e9e et comment elle a \u00e9t\u00e9 v\u00e9cue? La grande histoire est connue et \u00e9crite, mais que restera-t-il des petites histoires, racont\u00e9es aux d\u00eeners de famille ou par les grands-parents \u00e0 leurs petits-enfants? Sont recueillies dans cet ouvrage plus d\u2019une vingtaine de petites histoires in\u00e9dites. Celles de la vie de tous les jours, souvent tragiques, parfois dr\u00f4les, mais toujours touchantes.  Ce recueil est \u00e9galement le plus important quant au nombre de photographies sur cet \u00e9v\u00e8nement tragique. Il compte en outre une quinzaine de documents d\u2019archives.  Un voyage dans le pass\u00e9 pour ne pas oublier\u2026\" \/>\n<meta property=\"og:url\" content=\"https:\/\/namurinc.be\/boutique\/produit\/namur-le-18-aout-1944\/\" \/>\n<meta property=\"og:site_name\" content=\"Namur INC - Boutique en ligne\" \/>\n<meta property=\"article:modified_time\" content=\"2020-11-27T11:33:16+00:00\" \/>\n<meta property=\"og:image\" content=\"https:\/\/namurinc.be\/boutique\/wp-content\/uploads\/sites\/4\/2020\/11\/18aout1944-livre-shop.jpg\" \/>\n\t<meta property=\"og:image:width\" content=\"1000\" \/>\n\t<meta property=\"og:image:height\" content=\"1000\" \/>\n\t<meta property=\"og:image:type\" content=\"image\/jpeg\" \/>\n<meta name=\"twitter:card\" content=\"summary_large_image\" \/>\n<script type=\"application\/ld+json\" class=\"yoast-schema-graph\">{\"@context\":\"https:\/\/schema.org\",\"@graph\":[{\"@type\":\"WebPage\",\"@id\":\"https:\/\/namurinc.be\/boutique\/produit\/namur-le-18-aout-1944\/\",\"url\":\"https:\/\/namurinc.be\/boutique\/produit\/namur-le-18-aout-1944\/\",\"name\":\"Namur, le 18 ao\u00fbt 1944 - Namur INC - Boutique en ligne\",\"isPartOf\":{\"@id\":\"https:\/\/namurinc.be\/boutique\/#website\"},\"datePublished\":\"2020-11-19T10:03:29+00:00\",\"dateModified\":\"2020-11-27T11:33:16+00:00\",\"breadcrumb\":{\"@id\":\"https:\/\/namurinc.be\/boutique\/produit\/namur-le-18-aout-1944\/#breadcrumb\"},\"inLanguage\":\"fr-BE\",\"potentialAction\":[{\"@type\":\"ReadAction\",\"target\":[\"https:\/\/namurinc.be\/boutique\/produit\/namur-le-18-aout-1944\/\"]}]},{\"@type\":\"BreadcrumbList\",\"@id\":\"https:\/\/namurinc.be\/boutique\/produit\/namur-le-18-aout-1944\/#breadcrumb\",\"itemListElement\":[{\"@type\":\"ListItem\",\"position\":1,\"name\":\"Accueil\",\"item\":\"https:\/\/namurinc.be\/boutique\/\"},{\"@type\":\"ListItem\",\"position\":2,\"name\":\"Boutique\",\"item\":\"https:\/\/namurinc.be\/boutique\/\"},{\"@type\":\"ListItem\",\"position\":3,\"name\":\"Namur, le 18 ao\u00fbt 1944\"}]},{\"@type\":\"WebSite\",\"@id\":\"https:\/\/namurinc.be\/boutique\/#website\",\"url\":\"https:\/\/namurinc.be\/boutique\/\",\"name\":\"Namur INC - Boutique en ligne\",\"description\":\"Retrouvez nos bouquins en vente dans notre boutique en ligne\",\"potentialAction\":[{\"@type\":\"SearchAction\",\"target\":{\"@type\":\"EntryPoint\",\"urlTemplate\":\"https:\/\/namurinc.be\/boutique\/?s={search_term_string}\"},\"query-input\":\"required name=search_term_string\"}],\"inLanguage\":\"fr-BE\"}]}<\/script>\n<!-- \/ Yoast SEO plugin. -->","yoast_head_json":{"title":"Namur, le 18 ao\u00fbt 1944 - Namur INC - Boutique en ligne","robots":{"index":"index","follow":"follow","max-snippet":"max-snippet:-1","max-image-preview":"max-image-preview:large","max-video-preview":"max-video-preview:-1"},"canonical":"https:\/\/namurinc.be\/boutique\/produit\/namur-le-18-aout-1944\/","og_locale":"fr_FR","og_type":"article","og_title":"Namur, le 18 ao\u00fbt 1944 - Namur INC - Boutique en ligne","og_description":"Vendredi 18 ao\u00fbt 1944, 18h06, pendant 21 minutes, les alli\u00e9s am\u00e9ricains bombardent par erreur Namur, faisant au moins 330 morts, au moins 600 bless\u00e9s graves et ayant sinistr\u00e9 pr\u00e8s de 2000 b\u00e2timents.  Comment s\u2019imaginer ce que fut cette journ\u00e9e et comment elle a \u00e9t\u00e9 v\u00e9cue? La grande histoire est connue et \u00e9crite, mais que restera-t-il des petites histoires, racont\u00e9es aux d\u00eeners de famille ou par les grands-parents \u00e0 leurs petits-enfants? Sont recueillies dans cet ouvrage plus d\u2019une vingtaine de petites histoires in\u00e9dites. Celles de la vie de tous les jours, souvent tragiques, parfois dr\u00f4les, mais toujours touchantes.  Ce recueil est \u00e9galement le plus important quant au nombre de photographies sur cet \u00e9v\u00e8nement tragique. Il compte en outre une quinzaine de documents d\u2019archives.  Un voyage dans le pass\u00e9 pour ne pas oublier\u2026","og_url":"https:\/\/namurinc.be\/boutique\/produit\/namur-le-18-aout-1944\/","og_site_name":"Namur INC - Boutique en ligne","article_modified_time":"2020-11-27T11:33:16+00:00","og_image":[{"width":1000,"height":1000,"url":"https:\/\/namurinc.be\/boutique\/wp-content\/uploads\/sites\/4\/2020\/11\/18aout1944-livre-shop.jpg","type":"image\/jpeg"}],"twitter_card":"summary_large_image","schema":{"@context":"https:\/\/schema.org","@graph":[{"@type":"WebPage","@id":"https:\/\/namurinc.be\/boutique\/produit\/namur-le-18-aout-1944\/","url":"https:\/\/namurinc.be\/boutique\/produit\/namur-le-18-aout-1944\/","name":"Namur, le 18 ao\u00fbt 1944 - Namur INC - Boutique en ligne","isPartOf":{"@id":"https:\/\/namurinc.be\/boutique\/#website"},"datePublished":"2020-11-19T10:03:29+00:00","dateModified":"2020-11-27T11:33:16+00:00","breadcrumb":{"@id":"https:\/\/namurinc.be\/boutique\/produit\/namur-le-18-aout-1944\/#breadcrumb"},"inLanguage":"fr-BE","potentialAction":[{"@type":"ReadAction","target":["https:\/\/namurinc.be\/boutique\/produit\/namur-le-18-aout-1944\/"]}]},{"@type":"BreadcrumbList","@id":"https:\/\/namurinc.be\/boutique\/produit\/namur-le-18-aout-1944\/#breadcrumb","itemListElement":[{"@type":"ListItem","position":1,"name":"Accueil","item":"https:\/\/namurinc.be\/boutique\/"},{"@type":"ListItem","position":2,"name":"Boutique","item":"https:\/\/namurinc.be\/boutique\/"},{"@type":"ListItem","position":3,"name":"Namur, le 18 ao\u00fbt 1944"}]},{"@type":"WebSite","@id":"https:\/\/namurinc.be\/boutique\/#website","url":"https:\/\/namurinc.be\/boutique\/","name":"Namur INC - Boutique en ligne","description":"Retrouvez nos bouquins en vente dans notre boutique en ligne","potentialAction":[{"@type":"SearchAction","target":{"@type":"EntryPoint","urlTemplate":"https:\/\/namurinc.be\/boutique\/?s={search_term_string}"},"query-input":"required name=search_term_string"}],"inLanguage":"fr-BE"}]}},"_links":{"self":[{"href":"https:\/\/namurinc.be\/boutique\/wp-json\/wp\/v2\/product\/13"}],"collection":[{"href":"https:\/\/namurinc.be\/boutique\/wp-json\/wp\/v2\/product"}],"about":[{"href":"https:\/\/namurinc.be\/boutique\/wp-json\/wp\/v2\/types\/product"}],"replies":[{"embeddable":true,"href":"https:\/\/namurinc.be\/boutique\/wp-json\/wp\/v2\/comments?post=13"}],"wp:featuredmedia":[{"embeddable":true,"href":"https:\/\/namurinc.be\/boutique\/wp-json\/wp\/v2\/media\/59"}],"wp:attachment":[{"href":"https:\/\/namurinc.be\/boutique\/wp-json\/wp\/v2\/media?parent=13"}],"wp:term":[{"taxonomy":"product_cat","embeddable":true,"href":"https:\/\/namurinc.be\/boutique\/wp-json\/wp\/v2\/product_cat?post=13"},{"taxonomy":"product_tag","embeddable":true,"href":"https:\/\/namurinc.be\/boutique\/wp-json\/wp\/v2\/product_tag?post=13"}],"curies":[{"name":"wp","href":"https:\/\/api.w.org\/{rel}","templated":true}]}}