{"id":130,"date":"2021-12-03T16:58:15","date_gmt":"2021-12-03T15:58:15","guid":{"rendered":"https:\/\/namurinc.be\/boutique\/?post_type=product&#038;p=130"},"modified":"2021-12-08T19:56:57","modified_gmt":"2021-12-08T18:56:57","slug":"rastrind-ses-tome-2","status":"publish","type":"product","link":"https:\/\/namurinc.be\/boutique\/produit\/rastrind-ses-tome-2\/","title":{"rendered":"Rastrind, s\u00e9s&#8217;! &#8211; Tome 2"},"content":{"rendered":"","protected":false},"excerpt":{"rendered":"<p>Bernard Van Vynckt remet \u00e7a!<\/p>\n<p>Apr\u00e8s un 1er livre \u00e9coul\u00e9 \u00e0 plus de 2.000 exemplaires, le Doyen de Marche-en- Famenne nous propose un 2e tome de ses chroniques hebdomadaires en wallon! Les sujets sont aussi divers que vari\u00e9s, locaux et internationaux. Dans un wallon toujours aussi truculent, Bernard vous fera voyager de Durbuy \u00e0 Washington, vous fera rencontrer des personnages, du Pape Fran\u00e7ois \u00e0 Thomas Meunier, et vous parlera de sujets aussi h\u00e9t\u00e9roclites que le cyclisme ou la culture de la betterave!<\/p>\n<p>Quel programme! Au total ce sont 35 billets wallons qui vous sont propos\u00e9s dans ce 2e tome, accompagn\u00e9s de leur traduction en fran\u00e7ais.<\/p>\n<p>Le Doyen de Marche-en-Famenne, l\u2019Abb\u00e9 Bernard Van Vynckt est bien connu des Namurois. Depuis 2016, il a succ\u00e9d\u00e9 au regrett\u00e9 Abb\u00e9 Paul Malherbe en c\u00e9l\u00e9brant chaque ann\u00e9e la Messe en Wallon des F\u00eates de Wallonie.<\/p>\n","protected":false},"featured_media":131,"comment_status":"open","ping_status":"closed","template":"","meta":{"_mi_skip_tracking":false,"_exactmetrics_sitenote_active":false,"_exactmetrics_sitenote_note":"","_exactmetrics_sitenote_category":0},"product_cat":[16],"product_tag":[],"acf":[],"yoast_head":"<!-- This site is optimized with the Yoast SEO plugin v20.9 - https:\/\/yoast.com\/wordpress\/plugins\/seo\/ -->\n<title>Rastrind, s\u00e9s&#039;! - Tome 2 - Namur INC - Boutique en ligne<\/title>\n<meta name=\"robots\" content=\"index, follow, max-snippet:-1, max-image-preview:large, max-video-preview:-1\" \/>\n<link rel=\"canonical\" href=\"https:\/\/namurinc.be\/boutique\/produit\/rastrind-ses-tome-2\/\" \/>\n<meta property=\"og:locale\" content=\"fr_FR\" \/>\n<meta property=\"og:type\" content=\"article\" \/>\n<meta property=\"og:title\" content=\"Rastrind, s\u00e9s&#039;! - Tome 2 - Namur INC - Boutique en ligne\" \/>\n<meta property=\"og:description\" content=\"Bernard Van Vynckt remet \u00e7a!  Apr\u00e8s un 1er livre \u00e9coul\u00e9 \u00e0 plus de 2.000 exemplaires, le Doyen de Marche-en- Famenne nous propose un 2e tome de ses chroniques hebdomadaires en wallon! Les sujets sont aussi divers que vari\u00e9s, locaux et internationaux. Dans un wallon toujours aussi truculent, Bernard vous fera voyager de Durbuy \u00e0 Washington, vous fera rencontrer des personnages, du Pape Fran\u00e7ois \u00e0 Thomas Meunier, et vous parlera de sujets aussi h\u00e9t\u00e9roclites que le cyclisme ou la culture de la betterave!  Quel programme! Au total ce sont 35 billets wallons qui vous sont propos\u00e9s dans ce 2e tome, accompagn\u00e9s de leur traduction en fran\u00e7ais.  Le Doyen de Marche-en-Famenne, l\u2019Abb\u00e9 Bernard Van Vynckt est bien connu des Namurois. Depuis 2016, il a succ\u00e9d\u00e9 au regrett\u00e9 Abb\u00e9 Paul Malherbe en c\u00e9l\u00e9brant chaque ann\u00e9e la Messe en Wallon des F\u00eates de Wallonie.\" \/>\n<meta property=\"og:url\" content=\"https:\/\/namurinc.be\/boutique\/produit\/rastrind-ses-tome-2\/\" \/>\n<meta property=\"og:site_name\" content=\"Namur INC - Boutique en ligne\" \/>\n<meta property=\"article:modified_time\" content=\"2021-12-08T18:56:57+00:00\" \/>\n<meta property=\"og:image\" content=\"https:\/\/namurinc.be\/boutique\/wp-content\/uploads\/sites\/4\/2021\/12\/rastrindsesT2.jpg\" \/>\n\t<meta property=\"og:image:width\" content=\"1200\" \/>\n\t<meta property=\"og:image:height\" content=\"1200\" \/>\n\t<meta property=\"og:image:type\" content=\"image\/jpeg\" \/>\n<meta name=\"twitter:card\" content=\"summary_large_image\" \/>\n<script type=\"application\/ld+json\" class=\"yoast-schema-graph\">{\"@context\":\"https:\/\/schema.org\",\"@graph\":[{\"@type\":\"WebPage\",\"@id\":\"https:\/\/namurinc.be\/boutique\/produit\/rastrind-ses-tome-2\/\",\"url\":\"https:\/\/namurinc.be\/boutique\/produit\/rastrind-ses-tome-2\/\",\"name\":\"Rastrind, s\u00e9s'! - Tome 2 - Namur INC - Boutique en ligne\",\"isPartOf\":{\"@id\":\"https:\/\/namurinc.be\/boutique\/#website\"},\"datePublished\":\"2021-12-03T15:58:15+00:00\",\"dateModified\":\"2021-12-08T18:56:57+00:00\",\"breadcrumb\":{\"@id\":\"https:\/\/namurinc.be\/boutique\/produit\/rastrind-ses-tome-2\/#breadcrumb\"},\"inLanguage\":\"fr-BE\",\"potentialAction\":[{\"@type\":\"ReadAction\",\"target\":[\"https:\/\/namurinc.be\/boutique\/produit\/rastrind-ses-tome-2\/\"]}]},{\"@type\":\"BreadcrumbList\",\"@id\":\"https:\/\/namurinc.be\/boutique\/produit\/rastrind-ses-tome-2\/#breadcrumb\",\"itemListElement\":[{\"@type\":\"ListItem\",\"position\":1,\"name\":\"Accueil\",\"item\":\"https:\/\/namurinc.be\/boutique\/\"},{\"@type\":\"ListItem\",\"position\":2,\"name\":\"Boutique\",\"item\":\"https:\/\/namurinc.be\/boutique\/\"},{\"@type\":\"ListItem\",\"position\":3,\"name\":\"Rastrind, s\u00e9s&#8217;! &#8211; Tome 2\"}]},{\"@type\":\"WebSite\",\"@id\":\"https:\/\/namurinc.be\/boutique\/#website\",\"url\":\"https:\/\/namurinc.be\/boutique\/\",\"name\":\"Namur INC - Boutique en ligne\",\"description\":\"Retrouvez nos bouquins en vente dans notre boutique en ligne\",\"potentialAction\":[{\"@type\":\"SearchAction\",\"target\":{\"@type\":\"EntryPoint\",\"urlTemplate\":\"https:\/\/namurinc.be\/boutique\/?s={search_term_string}\"},\"query-input\":\"required name=search_term_string\"}],\"inLanguage\":\"fr-BE\"}]}<\/script>\n<!-- \/ Yoast SEO plugin. -->","yoast_head_json":{"title":"Rastrind, s\u00e9s'! - Tome 2 - Namur INC - Boutique en ligne","robots":{"index":"index","follow":"follow","max-snippet":"max-snippet:-1","max-image-preview":"max-image-preview:large","max-video-preview":"max-video-preview:-1"},"canonical":"https:\/\/namurinc.be\/boutique\/produit\/rastrind-ses-tome-2\/","og_locale":"fr_FR","og_type":"article","og_title":"Rastrind, s\u00e9s'! - Tome 2 - Namur INC - Boutique en ligne","og_description":"Bernard Van Vynckt remet \u00e7a!  Apr\u00e8s un 1er livre \u00e9coul\u00e9 \u00e0 plus de 2.000 exemplaires, le Doyen de Marche-en- Famenne nous propose un 2e tome de ses chroniques hebdomadaires en wallon! Les sujets sont aussi divers que vari\u00e9s, locaux et internationaux. Dans un wallon toujours aussi truculent, Bernard vous fera voyager de Durbuy \u00e0 Washington, vous fera rencontrer des personnages, du Pape Fran\u00e7ois \u00e0 Thomas Meunier, et vous parlera de sujets aussi h\u00e9t\u00e9roclites que le cyclisme ou la culture de la betterave!  Quel programme! Au total ce sont 35 billets wallons qui vous sont propos\u00e9s dans ce 2e tome, accompagn\u00e9s de leur traduction en fran\u00e7ais.  Le Doyen de Marche-en-Famenne, l\u2019Abb\u00e9 Bernard Van Vynckt est bien connu des Namurois. Depuis 2016, il a succ\u00e9d\u00e9 au regrett\u00e9 Abb\u00e9 Paul Malherbe en c\u00e9l\u00e9brant chaque ann\u00e9e la Messe en Wallon des F\u00eates de Wallonie.","og_url":"https:\/\/namurinc.be\/boutique\/produit\/rastrind-ses-tome-2\/","og_site_name":"Namur INC - Boutique en ligne","article_modified_time":"2021-12-08T18:56:57+00:00","og_image":[{"width":1200,"height":1200,"url":"https:\/\/namurinc.be\/boutique\/wp-content\/uploads\/sites\/4\/2021\/12\/rastrindsesT2.jpg","type":"image\/jpeg"}],"twitter_card":"summary_large_image","schema":{"@context":"https:\/\/schema.org","@graph":[{"@type":"WebPage","@id":"https:\/\/namurinc.be\/boutique\/produit\/rastrind-ses-tome-2\/","url":"https:\/\/namurinc.be\/boutique\/produit\/rastrind-ses-tome-2\/","name":"Rastrind, s\u00e9s'! - Tome 2 - Namur INC - Boutique en ligne","isPartOf":{"@id":"https:\/\/namurinc.be\/boutique\/#website"},"datePublished":"2021-12-03T15:58:15+00:00","dateModified":"2021-12-08T18:56:57+00:00","breadcrumb":{"@id":"https:\/\/namurinc.be\/boutique\/produit\/rastrind-ses-tome-2\/#breadcrumb"},"inLanguage":"fr-BE","potentialAction":[{"@type":"ReadAction","target":["https:\/\/namurinc.be\/boutique\/produit\/rastrind-ses-tome-2\/"]}]},{"@type":"BreadcrumbList","@id":"https:\/\/namurinc.be\/boutique\/produit\/rastrind-ses-tome-2\/#breadcrumb","itemListElement":[{"@type":"ListItem","position":1,"name":"Accueil","item":"https:\/\/namurinc.be\/boutique\/"},{"@type":"ListItem","position":2,"name":"Boutique","item":"https:\/\/namurinc.be\/boutique\/"},{"@type":"ListItem","position":3,"name":"Rastrind, s\u00e9s&#8217;! &#8211; Tome 2"}]},{"@type":"WebSite","@id":"https:\/\/namurinc.be\/boutique\/#website","url":"https:\/\/namurinc.be\/boutique\/","name":"Namur INC - Boutique en ligne","description":"Retrouvez nos bouquins en vente dans notre boutique en ligne","potentialAction":[{"@type":"SearchAction","target":{"@type":"EntryPoint","urlTemplate":"https:\/\/namurinc.be\/boutique\/?s={search_term_string}"},"query-input":"required name=search_term_string"}],"inLanguage":"fr-BE"}]}},"_links":{"self":[{"href":"https:\/\/namurinc.be\/boutique\/wp-json\/wp\/v2\/product\/130"}],"collection":[{"href":"https:\/\/namurinc.be\/boutique\/wp-json\/wp\/v2\/product"}],"about":[{"href":"https:\/\/namurinc.be\/boutique\/wp-json\/wp\/v2\/types\/product"}],"replies":[{"embeddable":true,"href":"https:\/\/namurinc.be\/boutique\/wp-json\/wp\/v2\/comments?post=130"}],"wp:featuredmedia":[{"embeddable":true,"href":"https:\/\/namurinc.be\/boutique\/wp-json\/wp\/v2\/media\/131"}],"wp:attachment":[{"href":"https:\/\/namurinc.be\/boutique\/wp-json\/wp\/v2\/media?parent=130"}],"wp:term":[{"taxonomy":"product_cat","embeddable":true,"href":"https:\/\/namurinc.be\/boutique\/wp-json\/wp\/v2\/product_cat?post=130"},{"taxonomy":"product_tag","embeddable":true,"href":"https:\/\/namurinc.be\/boutique\/wp-json\/wp\/v2\/product_tag?post=130"}],"curies":[{"name":"wp","href":"https:\/\/api.w.org\/{rel}","templated":true}]}}