{"id":143,"date":"2021-12-08T20:17:12","date_gmt":"2021-12-08T19:17:12","guid":{"rendered":"https:\/\/namurinc.be\/boutique\/?post_type=product&#038;p=143"},"modified":"2024-06-14T20:54:15","modified_gmt":"2024-06-14T18:54:15","slug":"tuk-tuk-figurine-balade-dune-heure","status":"publish","type":"product","link":"https:\/\/namurinc.be\/boutique\/produit\/tuk-tuk-figurine-balade-dune-heure\/","title":{"rendered":"Tuk-Tuk: figurine + balade d&#8217;une heure"},"content":{"rendered":"","protected":false},"excerpt":{"rendered":"<div class=\"p-rich_text_section\">Pour les grands amateurs de Tuk-Tuk!<br \/>\nRecevez un mod\u00e8le miniature du Tuk-Tuk Piaggio Ape Calessino (\u00e9chelle 1:18) ainsi qu&#8217;un bon cadeau pour une balade d&#8217;une heure en Tuk-Tuk. La visite propos\u00e9e est &#8220;Merveilleuse Fraise de W\u00e9pion&#8221;.<br \/>\nApr\u00e8s un superbe trajet par la route Merveilleuse et le long de la Meuse, votre pilote vous fera d\u00e9couvrir la fraise de W\u00e9pion et son mus\u00e9e.<br \/>\nLe bon cadeau est valable un an, selon les jours de circulation. Celui-ci inclut:<\/div>\n<ul class=\"p-rich_text_list p-rich_text_list__bullet\" data-stringify-type=\"unordered-list\" data-indent=\"0\" data-border=\"false\" data-border-radius-top-cap=\"false\" data-border-radius-bottom-cap=\"false\">\n<li data-stringify-indent=\"0\" data-stringify-border=\"0\">La balade en Tuk-Tuk d&#8217;une heure pour maximum 2 adultes et 1 enfant<\/li>\n<li data-stringify-indent=\"0\" data-stringify-border=\"0\">L&#8217;entr\u00e9e au Mus\u00e9e de la Fraise et la visite comment\u00e9e par votre pilote<\/li>\n<li data-stringify-indent=\"0\" data-stringify-border=\"0\">Une petite d\u00e9gustation au Mus\u00e9e de la Fraise<\/li>\n<\/ul>\n<div class=\"p-rich_text_section\">La livraison est incluse se fait par colis trac\u00e9 BPost ou en mains propres si vous habitez dans les environs de Namur.<\/div>\n<div><\/div>\n<div class=\"p-rich_text_section\"><strong>Valeur totale: 65\u20ac, propos\u00e9 au prix exceptionnel de 50\u20ac.<\/strong><\/div>\n<div><\/div>\n<div class=\"p-rich_text_section\"><strong>Attention, stocks limit\u00e9s!<\/strong><\/div>\n","protected":false},"featured_media":146,"comment_status":"open","ping_status":"closed","template":"","meta":{"_mi_skip_tracking":false,"_exactmetrics_sitenote_active":false,"_exactmetrics_sitenote_note":"","_exactmetrics_sitenote_category":0},"product_cat":[17],"product_tag":[],"acf":[],"yoast_head":"<!-- This site is optimized with the Yoast SEO plugin v20.9 - https:\/\/yoast.com\/wordpress\/plugins\/seo\/ -->\n<title>Tuk-Tuk: figurine + balade d&#039;une heure - Namur INC - Boutique en ligne<\/title>\n<meta name=\"robots\" content=\"index, follow, max-snippet:-1, max-image-preview:large, max-video-preview:-1\" \/>\n<link rel=\"canonical\" href=\"https:\/\/namurinc.be\/boutique\/produit\/tuk-tuk-figurine-balade-dune-heure\/\" \/>\n<meta property=\"og:locale\" content=\"fr_FR\" \/>\n<meta property=\"og:type\" content=\"article\" \/>\n<meta property=\"og:title\" content=\"Tuk-Tuk: figurine + balade d&#039;une heure - Namur INC - Boutique en ligne\" \/>\n<meta property=\"og:description\" content=\"Pour les grands amateurs de Tuk-Tuk! Recevez un mod\u00e8le miniature du Tuk-Tuk Piaggio Ape Calessino (\u00e9chelle 1:18) ainsi qu&#039;un bon cadeau pour une balade d&#039;une heure en Tuk-Tuk. La visite propos\u00e9e est &quot;Merveilleuse Fraise de W\u00e9pion&quot;. Apr\u00e8s un superbe trajet par la route Merveilleuse et le long de la Meuse, votre pilote vous fera d\u00e9couvrir la fraise de W\u00e9pion et son mus\u00e9e. Le bon cadeau est valable un an, selon les jours de circulation. Celui-ci inclut:   La balade en Tuk-Tuk d&#039;une heure pour maximum 2 adultes et 1 enfant  L&#039;entr\u00e9e au Mus\u00e9e de la Fraise et la visite comment\u00e9e par votre pilote  Une petite d\u00e9gustation au Mus\u00e9e de la Fraise  La livraison est incluse se fait par colis trac\u00e9 BPost ou en mains propres si vous habitez dans les environs de Namur.  Valeur totale: 65\u20ac, propos\u00e9 au prix exceptionnel de 50\u20ac.  Attention, stocks limit\u00e9s!\" \/>\n<meta property=\"og:url\" content=\"https:\/\/namurinc.be\/boutique\/produit\/tuk-tuk-figurine-balade-dune-heure\/\" \/>\n<meta property=\"og:site_name\" content=\"Namur INC - Boutique en ligne\" \/>\n<meta property=\"article:modified_time\" content=\"2024-06-14T18:54:15+00:00\" \/>\n<meta property=\"og:image\" content=\"https:\/\/namurinc.be\/boutique\/wp-content\/uploads\/sites\/4\/2021\/12\/tuktukpackbalade.jpg\" \/>\n\t<meta property=\"og:image:width\" content=\"712\" \/>\n\t<meta property=\"og:image:height\" content=\"712\" \/>\n\t<meta property=\"og:image:type\" content=\"image\/jpeg\" \/>\n<meta name=\"twitter:card\" content=\"summary_large_image\" \/>\n<script type=\"application\/ld+json\" class=\"yoast-schema-graph\">{\"@context\":\"https:\/\/schema.org\",\"@graph\":[{\"@type\":\"WebPage\",\"@id\":\"https:\/\/namurinc.be\/boutique\/produit\/tuk-tuk-figurine-balade-dune-heure\/\",\"url\":\"https:\/\/namurinc.be\/boutique\/produit\/tuk-tuk-figurine-balade-dune-heure\/\",\"name\":\"Tuk-Tuk: figurine + balade d'une heure - Namur INC - Boutique en ligne\",\"isPartOf\":{\"@id\":\"https:\/\/namurinc.be\/boutique\/#website\"},\"datePublished\":\"2021-12-08T19:17:12+00:00\",\"dateModified\":\"2024-06-14T18:54:15+00:00\",\"breadcrumb\":{\"@id\":\"https:\/\/namurinc.be\/boutique\/produit\/tuk-tuk-figurine-balade-dune-heure\/#breadcrumb\"},\"inLanguage\":\"fr-BE\",\"potentialAction\":[{\"@type\":\"ReadAction\",\"target\":[\"https:\/\/namurinc.be\/boutique\/produit\/tuk-tuk-figurine-balade-dune-heure\/\"]}]},{\"@type\":\"BreadcrumbList\",\"@id\":\"https:\/\/namurinc.be\/boutique\/produit\/tuk-tuk-figurine-balade-dune-heure\/#breadcrumb\",\"itemListElement\":[{\"@type\":\"ListItem\",\"position\":1,\"name\":\"Accueil\",\"item\":\"https:\/\/namurinc.be\/boutique\/\"},{\"@type\":\"ListItem\",\"position\":2,\"name\":\"Boutique\",\"item\":\"https:\/\/namurinc.be\/boutique\/\"},{\"@type\":\"ListItem\",\"position\":3,\"name\":\"Tuk-Tuk: figurine + balade d&#8217;une heure\"}]},{\"@type\":\"WebSite\",\"@id\":\"https:\/\/namurinc.be\/boutique\/#website\",\"url\":\"https:\/\/namurinc.be\/boutique\/\",\"name\":\"Namur INC - Boutique en ligne\",\"description\":\"Retrouvez nos bouquins en vente dans notre boutique en ligne\",\"potentialAction\":[{\"@type\":\"SearchAction\",\"target\":{\"@type\":\"EntryPoint\",\"urlTemplate\":\"https:\/\/namurinc.be\/boutique\/?s={search_term_string}\"},\"query-input\":\"required name=search_term_string\"}],\"inLanguage\":\"fr-BE\"}]}<\/script>\n<!-- \/ Yoast SEO plugin. -->","yoast_head_json":{"title":"Tuk-Tuk: figurine + balade d'une heure - Namur INC - Boutique en ligne","robots":{"index":"index","follow":"follow","max-snippet":"max-snippet:-1","max-image-preview":"max-image-preview:large","max-video-preview":"max-video-preview:-1"},"canonical":"https:\/\/namurinc.be\/boutique\/produit\/tuk-tuk-figurine-balade-dune-heure\/","og_locale":"fr_FR","og_type":"article","og_title":"Tuk-Tuk: figurine + balade d'une heure - Namur INC - Boutique en ligne","og_description":"Pour les grands amateurs de Tuk-Tuk! Recevez un mod\u00e8le miniature du Tuk-Tuk Piaggio Ape Calessino (\u00e9chelle 1:18) ainsi qu'un bon cadeau pour une balade d'une heure en Tuk-Tuk. La visite propos\u00e9e est \"Merveilleuse Fraise de W\u00e9pion\". Apr\u00e8s un superbe trajet par la route Merveilleuse et le long de la Meuse, votre pilote vous fera d\u00e9couvrir la fraise de W\u00e9pion et son mus\u00e9e. Le bon cadeau est valable un an, selon les jours de circulation. Celui-ci inclut:   La balade en Tuk-Tuk d'une heure pour maximum 2 adultes et 1 enfant  L'entr\u00e9e au Mus\u00e9e de la Fraise et la visite comment\u00e9e par votre pilote  Une petite d\u00e9gustation au Mus\u00e9e de la Fraise  La livraison est incluse se fait par colis trac\u00e9 BPost ou en mains propres si vous habitez dans les environs de Namur.  Valeur totale: 65\u20ac, propos\u00e9 au prix exceptionnel de 50\u20ac.  Attention, stocks limit\u00e9s!","og_url":"https:\/\/namurinc.be\/boutique\/produit\/tuk-tuk-figurine-balade-dune-heure\/","og_site_name":"Namur INC - Boutique en ligne","article_modified_time":"2024-06-14T18:54:15+00:00","og_image":[{"width":712,"height":712,"url":"https:\/\/namurinc.be\/boutique\/wp-content\/uploads\/sites\/4\/2021\/12\/tuktukpackbalade.jpg","type":"image\/jpeg"}],"twitter_card":"summary_large_image","schema":{"@context":"https:\/\/schema.org","@graph":[{"@type":"WebPage","@id":"https:\/\/namurinc.be\/boutique\/produit\/tuk-tuk-figurine-balade-dune-heure\/","url":"https:\/\/namurinc.be\/boutique\/produit\/tuk-tuk-figurine-balade-dune-heure\/","name":"Tuk-Tuk: figurine + balade d'une heure - Namur INC - Boutique en ligne","isPartOf":{"@id":"https:\/\/namurinc.be\/boutique\/#website"},"datePublished":"2021-12-08T19:17:12+00:00","dateModified":"2024-06-14T18:54:15+00:00","breadcrumb":{"@id":"https:\/\/namurinc.be\/boutique\/produit\/tuk-tuk-figurine-balade-dune-heure\/#breadcrumb"},"inLanguage":"fr-BE","potentialAction":[{"@type":"ReadAction","target":["https:\/\/namurinc.be\/boutique\/produit\/tuk-tuk-figurine-balade-dune-heure\/"]}]},{"@type":"BreadcrumbList","@id":"https:\/\/namurinc.be\/boutique\/produit\/tuk-tuk-figurine-balade-dune-heure\/#breadcrumb","itemListElement":[{"@type":"ListItem","position":1,"name":"Accueil","item":"https:\/\/namurinc.be\/boutique\/"},{"@type":"ListItem","position":2,"name":"Boutique","item":"https:\/\/namurinc.be\/boutique\/"},{"@type":"ListItem","position":3,"name":"Tuk-Tuk: figurine + balade d&#8217;une heure"}]},{"@type":"WebSite","@id":"https:\/\/namurinc.be\/boutique\/#website","url":"https:\/\/namurinc.be\/boutique\/","name":"Namur INC - Boutique en ligne","description":"Retrouvez nos bouquins en vente dans notre boutique en ligne","potentialAction":[{"@type":"SearchAction","target":{"@type":"EntryPoint","urlTemplate":"https:\/\/namurinc.be\/boutique\/?s={search_term_string}"},"query-input":"required name=search_term_string"}],"inLanguage":"fr-BE"}]}},"_links":{"self":[{"href":"https:\/\/namurinc.be\/boutique\/wp-json\/wp\/v2\/product\/143"}],"collection":[{"href":"https:\/\/namurinc.be\/boutique\/wp-json\/wp\/v2\/product"}],"about":[{"href":"https:\/\/namurinc.be\/boutique\/wp-json\/wp\/v2\/types\/product"}],"replies":[{"embeddable":true,"href":"https:\/\/namurinc.be\/boutique\/wp-json\/wp\/v2\/comments?post=143"}],"wp:featuredmedia":[{"embeddable":true,"href":"https:\/\/namurinc.be\/boutique\/wp-json\/wp\/v2\/media\/146"}],"wp:attachment":[{"href":"https:\/\/namurinc.be\/boutique\/wp-json\/wp\/v2\/media?parent=143"}],"wp:term":[{"taxonomy":"product_cat","embeddable":true,"href":"https:\/\/namurinc.be\/boutique\/wp-json\/wp\/v2\/product_cat?post=143"},{"taxonomy":"product_tag","embeddable":true,"href":"https:\/\/namurinc.be\/boutique\/wp-json\/wp\/v2\/product_tag?post=143"}],"curies":[{"name":"wp","href":"https:\/\/api.w.org\/{rel}","templated":true}]}}